{"id":11,"date":"2026-03-19T08:09:10","date_gmt":"2026-03-19T08:09:10","guid":{"rendered":"http:\/\/jjramosgo.blog\/?page_id=1"},"modified":"2026-03-19T08:09:10","modified_gmt":"2026-03-19T08:09:10","slug":"acerca-de","status":"publish","type":"page","link":"https:\/\/bitacoraenterprise.com\/?page_id=11","title":{"rendered":"Acerca del blog"},"content":{"rendered":"\n<p>Soy Juanjo y este blog recoge las rutas que hacemos Mar\u00eda Jos\u00e9 y yo sobre dos ruedas. Nos gusta viajar por asfalto, buscar carreteras con curvas y parar en aquellos sitios donde merece la pena bajar de la moto un momento para ver el paisaje con calma.<\/p>\n\n\n\n<div class=\"wp-block-columns is-layout-flex wp-container-core-columns-is-layout-9d6595d7 wp-block-columns-is-layout-flex\">\n<div class=\"wp-block-column is-layout-flow wp-block-column-is-layout-flow\">\n<figure class=\"wp-block-image size-large\"><img decoding=\"async\" src=\"https:\/\/bitacoraenterprise.com\/wp-content\/uploads\/2026\/03\/img_7045.jpeg?w=768\" alt=\"Img 7045\" class=\"wp-image-59\" title=\"Acerca del blog\"><\/figure>\n<\/div>\n\n\n\n<div class=\"wp-block-column is-layout-flow wp-block-column-is-layout-flow\">\n<p class=\"has-text-align-left\">La moto que ves en la foto es la que nos acompa\u00f1a \u00faltimamente en nuestras escapadas, ya sean rutas largas o salidas de un solo d\u00eda. \n<br><br>\nEsperamos compartir aqu\u00ed recorridos comentados, opiniones sinceras, recomendaciones pr\u00e1cticas y experiencias reales pensadas para quienes simplemente disfrutan del camino (y de la carretera).\n<br>\n<br>Nada m\u00e1s y nada menos.\n<\/p>\n<\/div>\n<\/div>\n\n\n\n<p>Se trata de rodar y compartir lo que realmente funciona cuando sales a hacer kil\u00f3metros. \n<br> \n<br>\nBienvenido, bienvenida al blog de la Enterprise<sup>1<\/sup><\/p>\n\n\n\n<p class=\"has-x-small-font-size\"><sup>1<\/sup>le pusimos as\u00ed cuando la compramos por la cantidad de botones y electr\u00f3nica que tiene<\/p>\n\n\n\n<p><\/p>\n","protected":false},"excerpt":{"rendered":"<p>Soy Juanjo y este blog recoge las rutas que hacemos Mar\u00eda Jos\u00e9 y yo sobre dos ruedas. Nos gusta viajar por asfalto, buscar carreteras con\u2026<\/p>\n","protected":false},"author":2,"featured_media":0,"parent":0,"menu_order":0,"comment_status":"closed","ping_status":"open","template":"","meta":{"_uag_custom_page_level_css":"","footnotes":""},"class_list":["post-11","page","type-page","status-publish","hentry"],"uagb_featured_image_src":{"full":false,"thumbnail":false,"medium":false,"medium_large":false,"large":false,"1536x1536":false,"2048x2048":false,"enterprise-hero":false,"enterprise-card":false,"enterprise-thumb":false,"enterprise-wide":false},"uagb_author_info":{"display_name":"Juanjo Ramos","author_link":"https:\/\/bitacoraenterprise.com\/?author=2"},"uagb_comment_info":0,"uagb_excerpt":"Soy Juanjo y este blog recoge las rutas que hacemos Mar\u00eda Jos\u00e9 y yo sobre dos ruedas. Nos gusta viajar por asfalto, buscar carreteras con\u2026","_links":{"self":[{"href":"https:\/\/bitacoraenterprise.com\/index.php?rest_route=\/wp\/v2\/pages\/11","targetHints":{"allow":["GET"]}}],"collection":[{"href":"https:\/\/bitacoraenterprise.com\/index.php?rest_route=\/wp\/v2\/pages"}],"about":[{"href":"https:\/\/bitacoraenterprise.com\/index.php?rest_route=\/wp\/v2\/types\/page"}],"author":[{"embeddable":true,"href":"https:\/\/bitacoraenterprise.com\/index.php?rest_route=\/wp\/v2\/users\/2"}],"replies":[{"embeddable":true,"href":"https:\/\/bitacoraenterprise.com\/index.php?rest_route=%2Fwp%2Fv2%2Fcomments&post=11"}],"version-history":[{"count":0,"href":"https:\/\/bitacoraenterprise.com\/index.php?rest_route=\/wp\/v2\/pages\/11\/revisions"}],"wp:attachment":[{"href":"https:\/\/bitacoraenterprise.com\/index.php?rest_route=%2Fwp%2Fv2%2Fmedia&parent=11"}],"curies":[{"name":"wp","href":"https:\/\/api.w.org\/{rel}","templated":true}]}}