{"id":228,"date":"2026-03-21T11:51:30","date_gmt":"2026-03-21T10:51:30","guid":{"rendered":"https:\/\/jjramosgo.blog\/?page_id=228"},"modified":"2026-03-21T11:51:30","modified_gmt":"2026-03-21T10:51:30","slug":"de-vacaciones-con-la-moto","status":"publish","type":"page","link":"https:\/\/bitacoraenterprise.com\/?page_id=228","title":{"rendered":"De vacaciones con la moto"},"content":{"rendered":"\n<p>Cuando llegan las vacaciones y podemos encadenar una semana o m\u00e1s sobre la moto, cambiamos el chip. Ya no se trata solo de exprimir un puente, sino de plantear un viaje con etapas, cambios de paisaje y tiempo suficiente para conocer bien varias zonas sin ir con la sensaci\u00f3n de ir siempre con prisa.<\/p>\n\n\n\n<p>En estos viajes solemos combinar d\u00edas de&nbsp;<strong>desplazamiento<\/strong>&nbsp;con d\u00edas de&nbsp;<strong>ruta circular<\/strong>, eligiendo dos o tres puntos base donde hacer varias noches. As\u00ed evitamos estar haciendo y deshaciendo maletas cada d\u00eda, podemos rodar m\u00e1s ligeros y tenemos margen para adaptar el plan seg\u00fan el clima, el cansancio o las ganas de seguir enlazando curvas. La idea sigue siendo la misma: carreteras tranquilas, buenos tramos de curvas y paradas en lugares que realmente valgan la pena, pero con la ventaja de tener tiempo para disfrutarlos sin mirar tanto el reloj.<\/p>\n\n\n","protected":false},"excerpt":{"rendered":"<p>Cuando llegan las vacaciones y podemos encadenar una semana o m\u00e1s sobre la moto, cambiamos el chip. Ya no se trata solo de exprimir un\u2026<\/p>\n","protected":false},"author":2,"featured_media":0,"parent":0,"menu_order":0,"comment_status":"closed","ping_status":"open","template":"","meta":{"_uag_custom_page_level_css":"","footnotes":""},"class_list":["post-228","page","type-page","status-publish","hentry"],"uagb_featured_image_src":{"full":false,"thumbnail":false,"medium":false,"medium_large":false,"large":false,"1536x1536":false,"2048x2048":false,"enterprise-hero":false,"enterprise-card":false,"enterprise-thumb":false,"enterprise-wide":false},"uagb_author_info":{"display_name":"Juanjo Ramos","author_link":"https:\/\/bitacoraenterprise.com\/?author=2"},"uagb_comment_info":0,"uagb_excerpt":"Cuando llegan las vacaciones y podemos encadenar una semana o m\u00e1s sobre la moto, cambiamos el chip. Ya no se trata solo de exprimir un\u2026","_links":{"self":[{"href":"https:\/\/bitacoraenterprise.com\/index.php?rest_route=\/wp\/v2\/pages\/228","targetHints":{"allow":["GET"]}}],"collection":[{"href":"https:\/\/bitacoraenterprise.com\/index.php?rest_route=\/wp\/v2\/pages"}],"about":[{"href":"https:\/\/bitacoraenterprise.com\/index.php?rest_route=\/wp\/v2\/types\/page"}],"author":[{"embeddable":true,"href":"https:\/\/bitacoraenterprise.com\/index.php?rest_route=\/wp\/v2\/users\/2"}],"replies":[{"embeddable":true,"href":"https:\/\/bitacoraenterprise.com\/index.php?rest_route=%2Fwp%2Fv2%2Fcomments&post=228"}],"version-history":[{"count":0,"href":"https:\/\/bitacoraenterprise.com\/index.php?rest_route=\/wp\/v2\/pages\/228\/revisions"}],"wp:attachment":[{"href":"https:\/\/bitacoraenterprise.com\/index.php?rest_route=%2Fwp%2Fv2%2Fmedia&parent=228"}],"curies":[{"name":"wp","href":"https:\/\/api.w.org\/{rel}","templated":true}]}}